{"id":675,"date":"2023-01-26T16:08:02","date_gmt":"2023-01-26T16:08:02","guid":{"rendered":"https:\/\/www.dvplegal.lt\/?page_id=675"},"modified":"2023-02-22T13:24:21","modified_gmt":"2023-02-22T13:24:21","slug":"labor-law","status":"publish","type":"page","link":"https:\/\/www.dvplegal.lt\/en\/areas-of-practice\/labor-law\/","title":{"rendered":"Labor law"},"content":{"rendered":"<p><div class=\"fusion-fullwidth fullwidth-box fusion-builder-row-1 fusion-flex-container has-pattern-background has-mask-background nonhundred-percent-fullwidth non-hundred-percent-height-scrolling fusion-no-small-visibility fusion-no-medium-visibility\" style=\"--awb-border-radius-top-left:0px;--awb-border-radius-top-right:0px;--awb-border-radius-bottom-right:0px;--awb-border-radius-bottom-left:0px;--awb-margin-top:0px;--awb-margin-bottom:20px;\" ><div class=\"fusion-builder-row fusion-row fusion-flex-align-items-flex-start\" style=\"max-width:1248px;margin-left: calc(-4% \/ 2 );margin-right: calc(-4% \/ 2 );\"><div class=\"fusion-layout-column fusion_builder_column fusion-builder-column-0 fusion_builder_column_1_1 1_1 fusion-flex-column\" style=\"--awb-bg-size:cover;--awb-width-large:100%;--awb-margin-top-large:0px;--awb-spacing-right-large:1.92%;--awb-margin-bottom-large:0px;--awb-spacing-left-large:1.92%;--awb-width-medium:100%;--awb-order-medium:0;--awb-spacing-right-medium:1.92%;--awb-spacing-left-medium:1.92%;--awb-width-small:100%;--awb-order-small:0;--awb-spacing-right-small:1.92%;--awb-spacing-left-small:1.92%;\"><div class=\"fusion-column-wrapper fusion-column-has-shadow fusion-flex-justify-content-flex-start fusion-content-layout-column\"><div class=\"fusion-title title fusion-title-1 fusion-sep-none fusion-title-text fusion-title-size-one\" style=\"--awb-text-color:var(--awb-custom_color_3);--awb-font-size:58px;\"><h1 class=\"title-heading-left\" style=\"font-family:&quot;Source Serif Pro&quot;;font-style:normal;font-weight:300;margin:0;font-size:1em;\"><p style=\"text-align: left;\">Areas of practice<\/p><\/h1><\/div><\/div><\/div><\/div><\/div><div class=\"fusion-fullwidth fullwidth-box fusion-builder-row-2 fusion-flex-container has-pattern-background has-mask-background nonhundred-percent-fullwidth non-hundred-percent-height-scrolling fusion-no-small-visibility fusion-no-medium-visibility\" style=\"--awb-border-radius-top-left:0px;--awb-border-radius-top-right:0px;--awb-border-radius-bottom-right:0px;--awb-border-radius-bottom-left:0px;--awb-margin-bottom:0px;\" ><div class=\"fusion-builder-row fusion-row fusion-flex-align-items-flex-start\" style=\"max-width:1248px;margin-left: calc(-4% \/ 2 );margin-right: calc(-4% \/ 2 );\"><div class=\"fusion-layout-column fusion_builder_column fusion-builder-column-1 fusion_builder_column_1_3 1_3 fusion-flex-column\" style=\"--awb-bg-size:cover;--awb-width-large:33.333333333333%;--awb-margin-top-large:0px;--awb-spacing-right-large:0px;--awb-margin-bottom-large:20px;--awb-spacing-left-large:5.76%;--awb-width-medium:33.333333333333%;--awb-order-medium:0;--awb-spacing-right-medium:0px;--awb-spacing-left-medium:5.76%;--awb-width-small:100%;--awb-order-small:0;--awb-spacing-right-small:1.92%;--awb-spacing-left-small:1.92%;\"><div class=\"fusion-column-wrapper fusion-column-has-shadow fusion-flex-justify-content-flex-start fusion-content-layout-row\"><div class=\"fusion-image-element\" style=\"--awb-caption-title-size:var(--h2_typography-font-size);--awb-caption-title-transform:var(--h2_typography-text-transform);--awb-caption-title-line-height:var(--h2_typography-line-height);--awb-caption-title-letter-spacing:var(--h2_typography-letter-spacing);\"><span class=\"fusion-imageframe imageframe-none imageframe-1 hover-type-none\"><img decoding=\"async\" width=\"350\" height=\"350\" title=\"Aktualijos-01\" src=\"https:\/\/www.dvplegal.lt\/wp-content\/uploads\/2023\/01\/Aktualijos-01.jpg\" alt class=\"img-responsive wp-image-29\" srcset=\"https:\/\/www.dvplegal.lt\/wp-content\/uploads\/2023\/01\/Aktualijos-01-200x200.jpg 200w, https:\/\/www.dvplegal.lt\/wp-content\/uploads\/2023\/01\/Aktualijos-01.jpg 350w\" sizes=\"(max-width: 640px) 100vw, 350px\" \/><\/span><\/div><\/div><\/div><div class=\"fusion-layout-column fusion_builder_column fusion-builder-column-2 fusion_builder_column_2_3 2_3 fusion-flex-column\" style=\"--awb-bg-size:cover;--awb-width-large:66.666666666667%;--awb-margin-top-large:0px;--awb-spacing-right-large:2.88%;--awb-margin-bottom-large:2px;--awb-spacing-left-large:0px;--awb-width-medium:66.666666666667%;--awb-order-medium:0;--awb-spacing-right-medium:2.88%;--awb-spacing-left-medium:0px;--awb-width-small:100%;--awb-order-small:0;--awb-spacing-right-small:1.92%;--awb-spacing-left-small:1.92%;\"><div class=\"fusion-column-wrapper fusion-column-has-shadow fusion-flex-justify-content-flex-start fusion-content-layout-column\"><div class=\"fusion-title title fusion-title-2 fusion-sep-none fusion-title-text fusion-title-size-one\" style=\"--awb-text-color:var(--awb-color8);--awb-font-size:18px;\"><h1 class=\"title-heading-left\" style=\"font-family:Tahoma,Geneva, sans-serif;font-style:normal;font-weight:400;margin:0;font-size:1em;\"><strong>Labor law<\/strong><\/h1><\/div><div class=\"fusion-text fusion-text-1\" style=\"--awb-font-size:16px;--awb-text-font-family:Tahoma,Geneva, sans-serif;--awb-text-font-style:normal;--awb-text-font-weight:400;\"><p>Konsultacijos<br \/>\nReguliavimas<br \/>\nSutartys, sandoriai ir kita dokumentacija<br \/>\nGin\u010dai<\/p>\n<\/div><\/div><\/div><\/div><\/div><div class=\"fusion-fullwidth fullwidth-box fusion-builder-row-3 fusion-flex-container has-pattern-background has-mask-background nonhundred-percent-fullwidth non-hundred-percent-height-scrolling fusion-no-large-visibility\" style=\"--awb-border-radius-top-left:0px;--awb-border-radius-top-right:0px;--awb-border-radius-bottom-right:0px;--awb-border-radius-bottom-left:0px;\" ><div class=\"fusion-builder-row fusion-row fusion-flex-align-items-flex-start\" style=\"max-width:1248px;margin-left: calc(-4% \/ 2 );margin-right: calc(-4% \/ 2 );\"><div class=\"fusion-layout-column fusion_builder_column fusion-builder-column-3 fusion_builder_column_1_1 1_1 fusion-flex-column fusion-flex-align-self-center\" style=\"--awb-bg-size:cover;--awb-width-large:100%;--awb-margin-top-large:0px;--awb-spacing-right-large:1.92%;--awb-margin-bottom-large:20px;--awb-spacing-left-large:1.92%;--awb-width-medium:100%;--awb-order-medium:0;--awb-margin-top-medium:0px;--awb-spacing-right-medium:1.92%;--awb-spacing-left-medium:1.92%;--awb-width-small:100%;--awb-order-small:0;--awb-spacing-right-small:1.92%;--awb-margin-bottom-small:0px;--awb-spacing-left-small:1.92%;\"><div class=\"fusion-column-wrapper fusion-column-has-shadow fusion-flex-justify-content-flex-start fusion-content-layout-column\"><div class=\"fusion-title title fusion-title-3 fusion-sep-none fusion-title-text fusion-title-size-one\" style=\"--awb-text-color:var(--awb-custom_color_3);--awb-font-size:38px;\"><h1 class=\"title-heading-left\" style=\"font-family:&quot;Source Serif Pro&quot;;font-style:normal;font-weight:300;margin:0;font-size:1em;\"><p style=\"text-align: left;\">Areas of practice<\/p><\/h1><\/div><div class=\"fusion-separator fusion-full-width-sep\" style=\"align-self: center;margin-left: auto;margin-right: auto;margin-bottom:20px;width:100%;\"><\/div><div class=\"fusion-title title fusion-title-4 fusion-sep-none fusion-title-text fusion-title-size-one\" style=\"--awb-text-color:var(--awb-color8);--awb-font-size:20px;\"><h1 class=\"title-heading-left\" style=\"font-family:Tahoma,Geneva, sans-serif;font-style:normal;font-weight:400;margin:0;font-size:1em;\"><p style=\"text-align: left;\"><strong>Labor law<\/strong><\/p><\/h1><\/div><div class=\"fusion-separator fusion-full-width-sep\" style=\"align-self: center;margin-left: auto;margin-right: auto;margin-bottom:20px;width:100%;\"><\/div><div class=\"fusion-image-element\" style=\"text-align:left;--awb-caption-title-size:var(--h2_typography-font-size);--awb-caption-title-transform:var(--h2_typography-text-transform);--awb-caption-title-line-height:var(--h2_typography-line-height);--awb-caption-title-letter-spacing:var(--h2_typography-letter-spacing);\"><span class=\"fusion-imageframe imageframe-none imageframe-2 hover-type-none\"><img decoding=\"async\" width=\"350\" height=\"350\" title=\"Aktualijos-01\" src=\"https:\/\/www.dvplegal.lt\/wp-content\/uploads\/2023\/01\/Aktualijos-01.jpg\" alt class=\"img-responsive wp-image-29\" srcset=\"https:\/\/www.dvplegal.lt\/wp-content\/uploads\/2023\/01\/Aktualijos-01-200x200.jpg 200w, https:\/\/www.dvplegal.lt\/wp-content\/uploads\/2023\/01\/Aktualijos-01.jpg 350w\" sizes=\"(max-width: 640px) 100vw, 350px\" \/><\/span><\/div><div class=\"fusion-separator fusion-full-width-sep\" style=\"align-self: center;margin-left: auto;margin-right: auto;margin-top:20px;margin-bottom:20px;width:100%;\"><\/div><div class=\"fusion-text fusion-text-2\" style=\"--awb-font-size:16px;--awb-text-font-family:Tahoma,Geneva, sans-serif;--awb-text-font-style:normal;--awb-text-font-weight:400;\"><p>Konsultacijos<br \/>\nReguliavimas<br \/>\nSutartys, sandoriai ir kita dokumentacija<br \/>\nGin\u010dai<\/p>\n<\/div><\/div><\/div><\/div><\/div><\/p>","protected":false},"excerpt":{"rendered":"","protected":false},"author":1,"featured_media":0,"parent":484,"menu_order":0,"comment_status":"closed","ping_status":"closed","template":"100-width.php","meta":{"footnotes":""},"yoast_head":"<!-- This site is optimized with the Yoast SEO plugin v20.1 - https:\/\/yoast.com\/wordpress\/plugins\/seo\/ -->\n<title>Labor law - Advokat\u0173 kontora &quot;DVP Legal&quot;<\/title>\n<meta name=\"robots\" content=\"index, follow, max-snippet:-1, max-image-preview:large, max-video-preview:-1\" \/>\n<link rel=\"canonical\" href=\"https:\/\/www.dvplegal.lt\/en\/areas-of-practice\/labor-law\/\" \/>\n<meta property=\"og:locale\" content=\"en_GB\" \/>\n<meta property=\"og:type\" content=\"article\" \/>\n<meta property=\"og:title\" content=\"Labor law - Advokat\u0173 kontora &quot;DVP Legal&quot;\" \/>\n<meta property=\"og:url\" content=\"https:\/\/www.dvplegal.lt\/en\/areas-of-practice\/labor-law\/\" \/>\n<meta property=\"og:site_name\" content=\"Advokat\u0173 kontora &quot;DVP Legal&quot;\" \/>\n<meta property=\"article:modified_time\" content=\"2023-02-22T13:24:21+00:00\" \/>\n<meta name=\"twitter:card\" content=\"summary_large_image\" \/>\n<meta name=\"twitter:label1\" content=\"Estimated reading time\" \/>\n\t<meta name=\"twitter:data1\" content=\"5 minutes\" \/>\n<script type=\"application\/ld+json\" class=\"yoast-schema-graph\">{\"@context\":\"https:\/\/schema.org\",\"@graph\":[{\"@type\":\"WebPage\",\"@id\":\"https:\/\/www.dvplegal.lt\/en\/areas-of-practice\/labor-law\/\",\"url\":\"https:\/\/www.dvplegal.lt\/en\/areas-of-practice\/labor-law\/\",\"name\":\"Labor law - Advokat\u0173 kontora &quot;DVP Legal&quot;\",\"isPartOf\":{\"@id\":\"https:\/\/www.dvplegal.lt\/#website\"},\"datePublished\":\"2023-01-26T16:08:02+00:00\",\"dateModified\":\"2023-02-22T13:24:21+00:00\",\"breadcrumb\":{\"@id\":\"https:\/\/www.dvplegal.lt\/en\/areas-of-practice\/labor-law\/#breadcrumb\"},\"inLanguage\":\"en-GB\",\"potentialAction\":[{\"@type\":\"ReadAction\",\"target\":[\"https:\/\/www.dvplegal.lt\/en\/areas-of-practice\/labor-law\/\"]}]},{\"@type\":\"BreadcrumbList\",\"@id\":\"https:\/\/www.dvplegal.lt\/en\/areas-of-practice\/labor-law\/#breadcrumb\",\"itemListElement\":[{\"@type\":\"ListItem\",\"position\":1,\"name\":\"Titulinis\",\"item\":\"https:\/\/www.dvplegal.lt\/\"},{\"@type\":\"ListItem\",\"position\":2,\"name\":\"Areas of practice\",\"item\":\"https:\/\/www.dvplegal.lt\/en\/areas-of-practice\/\"},{\"@type\":\"ListItem\",\"position\":3,\"name\":\"Labor law\"}]},{\"@type\":\"WebSite\",\"@id\":\"https:\/\/www.dvplegal.lt\/#website\",\"url\":\"https:\/\/www.dvplegal.lt\/\",\"name\":\"www.dvplegal.lt\",\"description\":\"Advokat\u0173 profesin\u0117 bendrija Vai\u010di\u016bnas ir partneriai | IT, Medicinos, Darbo teis\u0117, Vie\u0161ieji pirkimai\",\"publisher\":{\"@id\":\"https:\/\/www.dvplegal.lt\/#organization\"},\"potentialAction\":[{\"@type\":\"SearchAction\",\"target\":{\"@type\":\"EntryPoint\",\"urlTemplate\":\"https:\/\/www.dvplegal.lt\/?s={search_term_string}\"},\"query-input\":\"required name=search_term_string\"}],\"inLanguage\":\"en-GB\"},{\"@type\":\"Organization\",\"@id\":\"https:\/\/www.dvplegal.lt\/#organization\",\"name\":\"DVP legal\",\"url\":\"https:\/\/www.dvplegal.lt\/\",\"logo\":{\"@type\":\"ImageObject\",\"inLanguage\":\"en-GB\",\"@id\":\"https:\/\/www.dvplegal.lt\/#\/schema\/logo\/image\/\",\"url\":\"https:\/\/www.dvplegal.lt\/wp-content\/uploads\/2023\/01\/DVP-LEGAL-logo-5.png\",\"contentUrl\":\"https:\/\/www.dvplegal.lt\/wp-content\/uploads\/2023\/01\/DVP-LEGAL-logo-5.png\",\"width\":2004,\"height\":420,\"caption\":\"DVP legal\"},\"image\":{\"@id\":\"https:\/\/www.dvplegal.lt\/#\/schema\/logo\/image\/\"}}]}<\/script>\n<!-- \/ Yoast SEO plugin. -->","yoast_head_json":{"title":"Labor law - Advokat\u0173 kontora &quot;DVP Legal&quot;","robots":{"index":"index","follow":"follow","max-snippet":"max-snippet:-1","max-image-preview":"max-image-preview:large","max-video-preview":"max-video-preview:-1"},"canonical":"https:\/\/www.dvplegal.lt\/en\/areas-of-practice\/labor-law\/","og_locale":"en_GB","og_type":"article","og_title":"Labor law - Advokat\u0173 kontora &quot;DVP Legal&quot;","og_url":"https:\/\/www.dvplegal.lt\/en\/areas-of-practice\/labor-law\/","og_site_name":"Advokat\u0173 kontora &quot;DVP Legal&quot;","article_modified_time":"2023-02-22T13:24:21+00:00","twitter_card":"summary_large_image","twitter_misc":{"Estimated reading time":"5 minutes"},"schema":{"@context":"https:\/\/schema.org","@graph":[{"@type":"WebPage","@id":"https:\/\/www.dvplegal.lt\/en\/areas-of-practice\/labor-law\/","url":"https:\/\/www.dvplegal.lt\/en\/areas-of-practice\/labor-law\/","name":"Labor law - Advokat\u0173 kontora &quot;DVP Legal&quot;","isPartOf":{"@id":"https:\/\/www.dvplegal.lt\/#website"},"datePublished":"2023-01-26T16:08:02+00:00","dateModified":"2023-02-22T13:24:21+00:00","breadcrumb":{"@id":"https:\/\/www.dvplegal.lt\/en\/areas-of-practice\/labor-law\/#breadcrumb"},"inLanguage":"en-GB","potentialAction":[{"@type":"ReadAction","target":["https:\/\/www.dvplegal.lt\/en\/areas-of-practice\/labor-law\/"]}]},{"@type":"BreadcrumbList","@id":"https:\/\/www.dvplegal.lt\/en\/areas-of-practice\/labor-law\/#breadcrumb","itemListElement":[{"@type":"ListItem","position":1,"name":"Titulinis","item":"https:\/\/www.dvplegal.lt\/"},{"@type":"ListItem","position":2,"name":"Areas of practice","item":"https:\/\/www.dvplegal.lt\/en\/areas-of-practice\/"},{"@type":"ListItem","position":3,"name":"Labor law"}]},{"@type":"WebSite","@id":"https:\/\/www.dvplegal.lt\/#website","url":"https:\/\/www.dvplegal.lt\/","name":"www.dvplegal.lt","description":"Advokat\u0173 profesin\u0117 bendrija Vai\u010di\u016bnas ir partneriai | IT, Medicinos, Darbo teis\u0117, Vie\u0161ieji pirkimai","publisher":{"@id":"https:\/\/www.dvplegal.lt\/#organization"},"potentialAction":[{"@type":"SearchAction","target":{"@type":"EntryPoint","urlTemplate":"https:\/\/www.dvplegal.lt\/?s={search_term_string}"},"query-input":"required name=search_term_string"}],"inLanguage":"en-GB"},{"@type":"Organization","@id":"https:\/\/www.dvplegal.lt\/#organization","name":"DVP legal","url":"https:\/\/www.dvplegal.lt\/","logo":{"@type":"ImageObject","inLanguage":"en-GB","@id":"https:\/\/www.dvplegal.lt\/#\/schema\/logo\/image\/","url":"https:\/\/www.dvplegal.lt\/wp-content\/uploads\/2023\/01\/DVP-LEGAL-logo-5.png","contentUrl":"https:\/\/www.dvplegal.lt\/wp-content\/uploads\/2023\/01\/DVP-LEGAL-logo-5.png","width":2004,"height":420,"caption":"DVP legal"},"image":{"@id":"https:\/\/www.dvplegal.lt\/#\/schema\/logo\/image\/"}}]}},"_links":{"self":[{"href":"https:\/\/www.dvplegal.lt\/en\/wp-json\/wp\/v2\/pages\/675"}],"collection":[{"href":"https:\/\/www.dvplegal.lt\/en\/wp-json\/wp\/v2\/pages"}],"about":[{"href":"https:\/\/www.dvplegal.lt\/en\/wp-json\/wp\/v2\/types\/page"}],"author":[{"embeddable":true,"href":"https:\/\/www.dvplegal.lt\/en\/wp-json\/wp\/v2\/users\/1"}],"replies":[{"embeddable":true,"href":"https:\/\/www.dvplegal.lt\/en\/wp-json\/wp\/v2\/comments?post=675"}],"version-history":[{"count":26,"href":"https:\/\/www.dvplegal.lt\/en\/wp-json\/wp\/v2\/pages\/675\/revisions"}],"predecessor-version":[{"id":2565,"href":"https:\/\/www.dvplegal.lt\/en\/wp-json\/wp\/v2\/pages\/675\/revisions\/2565"}],"up":[{"embeddable":true,"href":"https:\/\/www.dvplegal.lt\/en\/wp-json\/wp\/v2\/pages\/484"}],"wp:attachment":[{"href":"https:\/\/www.dvplegal.lt\/en\/wp-json\/wp\/v2\/media?parent=675"}],"curies":[{"name":"wp","href":"https:\/\/api.w.org\/{rel}","templated":true}]}}