{"id":55,"date":"2023-01-24T17:02:44","date_gmt":"2023-01-24T17:02:44","guid":{"rendered":"https:\/\/www.dvplegal.lt\/?page_id=55"},"modified":"2023-12-06T17:57:31","modified_gmt":"2023-12-06T17:57:31","slug":"aktualijos","status":"publish","type":"page","link":"https:\/\/www.dvplegal.lt\/en\/aktualijos\/","title":{"rendered":"NEWS"},"content":{"rendered":"<p><div class=\"fusion-fullwidth fullwidth-box fusion-builder-row-1 fusion-flex-container has-pattern-background has-mask-background nonhundred-percent-fullwidth non-hundred-percent-height-scrolling fusion-no-small-visibility fusion-no-medium-visibility\" style=\"--awb-border-radius-top-left:0px;--awb-border-radius-top-right:0px;--awb-border-radius-bottom-right:0px;--awb-border-radius-bottom-left:0px;--awb-padding-top:0px;--awb-padding-bottom:0px;--awb-margin-top:0px;--awb-margin-bottom:20px;\" ><div class=\"fusion-builder-row fusion-row fusion-flex-align-items-flex-start\" style=\"max-width:1248px;margin-left: calc(-4% \/ 2 );margin-right: calc(-4% \/ 2 );\"><div class=\"fusion-layout-column fusion_builder_column fusion-builder-column-0 fusion_builder_column_1_1 1_1 fusion-flex-column\" style=\"--awb-bg-size:cover;--awb-width-large:100%;--awb-margin-top-large:0px;--awb-spacing-right-large:1.92%;--awb-margin-bottom-large:0px;--awb-spacing-left-large:1.92%;--awb-width-medium:100%;--awb-order-medium:0;--awb-spacing-right-medium:1.92%;--awb-spacing-left-medium:1.92%;--awb-width-small:100%;--awb-order-small:0;--awb-spacing-right-small:1.92%;--awb-spacing-left-small:1.92%;\"><div class=\"fusion-column-wrapper fusion-column-has-shadow fusion-flex-justify-content-flex-start fusion-content-layout-column\"><div class=\"fusion-title title fusion-title-1 fusion-sep-none fusion-title-text fusion-title-size-one\" style=\"--awb-text-color:var(--awb-custom_color_3);--awb-font-size:58px;\"><h1 class=\"title-heading-left\" style=\"font-family:&quot;Source Serif Pro&quot;;font-style:normal;font-weight:300;margin:0;font-size:1em;\"><p class=\"left\">NEWS<\/p><\/h1><\/div><\/div><\/div><\/div><\/div><div class=\"fusion-fullwidth fullwidth-box fusion-builder-row-2 fusion-flex-container has-pattern-background has-mask-background nonhundred-percent-fullwidth non-hundred-percent-height-scrolling fusion-no-large-visibility\" style=\"--awb-border-radius-top-left:0px;--awb-border-radius-top-right:0px;--awb-border-radius-bottom-right:0px;--awb-border-radius-bottom-left:0px;--awb-margin-top-small:0px;--awb-margin-bottom-small:0px;\" ><div class=\"fusion-builder-row fusion-row fusion-flex-align-items-flex-start\" style=\"max-width:1248px;margin-left: calc(-4% \/ 2 );margin-right: calc(-4% \/ 2 );\"><div class=\"fusion-layout-column fusion_builder_column fusion-builder-column-1 fusion_builder_column_1_1 1_1 fusion-flex-column\" style=\"--awb-padding-top-medium:0px;--awb-padding-bottom-medium:20px;--awb-padding-top-small:0px;--awb-padding-bottom-small:20px;--awb-bg-size:cover;--awb-width-large:100%;--awb-margin-top-large:30px;--awb-spacing-right-large:1.92%;--awb-margin-bottom-large:30px;--awb-spacing-left-large:1.92%;--awb-width-medium:100%;--awb-order-medium:0;--awb-margin-top-medium:0px;--awb-spacing-right-medium:1.92%;--awb-margin-bottom-medium:0px;--awb-spacing-left-medium:1.92%;--awb-width-small:100%;--awb-order-small:0;--awb-margin-top-small:0px;--awb-spacing-right-small:1.92%;--awb-margin-bottom-small:0px;--awb-spacing-left-small:1.92%;\"><div class=\"fusion-column-wrapper fusion-column-has-shadow fusion-flex-justify-content-flex-start fusion-content-layout-column\"><div class=\"fusion-title title fusion-title-2 fusion-sep-none fusion-title-text fusion-title-size-one\" style=\"--awb-text-color:var(--awb-custom_color_3);--awb-font-size:34px;\"><h1 class=\"title-heading-left\" style=\"font-family:&quot;Source Serif Pro&quot;;font-style:normal;font-weight:300;margin:0;font-size:1em;\">NEWS<\/h1><\/div><\/div><\/div><\/div><\/div><div class=\"fusion-fullwidth fullwidth-box fusion-builder-row-3 fusion-flex-container has-pattern-background has-mask-background nonhundred-percent-fullwidth non-hundred-percent-height-scrolling\" style=\"--awb-border-radius-top-left:0px;--awb-border-radius-top-right:0px;--awb-border-radius-bottom-right:0px;--awb-border-radius-bottom-left:0px;--awb-padding-top:0px;--awb-padding-bottom:0px;--awb-margin-top:0px;--awb-margin-bottom:0px;--awb-margin-bottom-medium:0px;\" ><div class=\"fusion-builder-row fusion-row fusion-flex-align-items-flex-start\" style=\"max-width:1248px;margin-left: calc(-4% \/ 2 );margin-right: calc(-4% \/ 2 );\"><div class=\"fusion-layout-column fusion_builder_column fusion-builder-column-2 fusion_builder_column_1_1 1_1 fusion-flex-column fusion-flex-align-self-flex-start\" style=\"--awb-bg-size:cover;--awb-width-large:100%;--awb-margin-top-large:0px;--awb-spacing-right-large:1.92%;--awb-margin-bottom-large:0px;--awb-spacing-left-large:1.92%;--awb-width-medium:100%;--awb-order-medium:0;--awb-spacing-right-medium:1.92%;--awb-spacing-left-medium:1.92%;--awb-width-small:100%;--awb-order-small:0;--awb-spacing-right-small:1.92%;--awb-spacing-left-small:1.92%;\"><div class=\"fusion-column-wrapper fusion-column-has-shadow fusion-flex-justify-content-flex-start fusion-content-layout-column\"><div class=\"fusion-post-cards fusion-post-cards-1 fusion-grid-archive\" style=\"--awb-dots-align:center;--awb-columns:3;--awb-filters-color:var(--awb-color8);--awb-active-filter-border-size:3px;--awb-filters-height:36px;\"><ul class=\"fusion-grid fusion-grid-3 fusion-flex-align-items-flex-start fusion-grid-posts-cards\"><li class=\"fusion-layout-column fusion_builder_column fusion-builder-column-3 fusion-flex-column post-card fusion-grid-column fusion-post-cards-grid-column\" style=\"--awb-bg-blend:overlay;--awb-bg-size:cover;\"><div class=\"fusion-column-wrapper fusion-column-has-shadow fusion-flex-justify-content-flex-start fusion-content-layout-column\"><div class=\"fusion-builder-row fusion-builder-row-inner fusion-row fusion-flex-align-items-flex-start\" style=\"width:104% !important;max-width:104% !important;margin-left: calc(-4% \/ 2 );margin-right: calc(-4% \/ 2 );\"><article class=\"fusion-layout-column fusion_builder_column_inner fusion-builder-nested-column-0 fusion_builder_column_inner_1_1 1_1 fusion-flex-column fusion-flex-align-self-stretch\" style=\"--awb-bg-image:url(&#039;https:\/\/www.dvplegal.lt\/wp-content\/uploads\/2023\/01\/Aktualijos-02.jpg&#039;);--awb-bg-size:cover;--awb-width-large:100%;--awb-margin-top-large:0px;--awb-spacing-right-large:1.92%;--awb-margin-bottom-large:20px;--awb-spacing-left-large:1.92%;--awb-width-medium:100%;--awb-order-medium:0;--awb-spacing-right-medium:1.92%;--awb-spacing-left-medium:1.92%;--awb-width-small:100%;--awb-order-small:0;--awb-spacing-right-small:1.92%;--awb-spacing-left-small:1.92%;\"><div class=\"fusion-column-wrapper fusion-column-has-shadow fusion-flex-justify-content-center fusion-content-layout-column\" data-bg-url=\"https:\/\/www.dvplegal.lt\/wp-content\/uploads\/2023\/01\/Aktualijos-02.jpg\"><div class=\"fusion-separator fusion-full-width-sep\" style=\"align-self: center;margin-left: auto;margin-right: auto;margin-top:10px;margin-bottom:30px;width:100%;\"><\/div><div class=\"fusion-image-element\" style=\"text-align:left;--awb-margin-right-small:180px;--awb-caption-title-color:var(--awb-color1);--awb-caption-text-color:var(--awb-color1);--awb-caption-text-transform:uppercase;--awb-caption-overlay-color:hsla(var(--awb-color5-h),var(--awb-color5-s),var(--awb-color5-l),calc(var(--awb-color5-a) - 180%));--awb-caption-background-color:var(--awb-color5);--awb-caption-margin-top:10px;--awb-caption-margin-right:10px;--awb-caption-margin-bottom:20px;--awb-caption-margin-left:10px;--awb-caption-title-font-family:Tahoma,Geneva, sans-serif;--awb-caption-title-font-weight:400;--awb-caption-title-font-style:normal;--awb-caption-title-size:14px;--awb-caption-title-transform:uppercase;--awb-caption-title-line-height:var(--h3_typography-line-height);--awb-caption-title-letter-spacing:var(--h3_typography-letter-spacing);\"><span class=\"fusion-imageframe imageframe-none imageframe-1 hover-type-none fusion-animated\" data-animationtype=\"fadeIn\" data-animationduration=\"1.0\" data-animationoffset=\"top-into-view\"><img decoding=\"async\" width=\"87\" height=\"55\" src=\"https:\/\/www.dvplegal.lt\/wp-content\/uploads\/2023\/01\/Vector-1-2-e1675532016562.png\" alt class=\"img-responsive wp-image-1233\"\/><\/span><\/div><div class=\"fusion-title title fusion-title-3 fusion-sep-none fusion-title-text fusion-title-size-one fusion-animated\" style=\"--awb-text-color:var(--awb-color1);--awb-margin-top:-40PX;--awb-margin-left:2px;--awb-margin-top-small:-40px;--awb-margin-left-small:5px;--awb-margin-top-medium:-40px;--awb-margin-left-medium:5px;--awb-font-size:16PX;\" data-animationtype=\"fadeIn\" data-animationduration=\"1.0\" data-animationoffset=\"bottom-in-view\"><h1 class=\"title-heading-left\" style=\"font-family:Tahoma,Geneva, sans-serif;font-style:normal;font-weight:400;margin:0;font-size:1em;text-transform:none;\">2022-07-28<\/h1><\/div><div class=\"fusion-separator fusion-full-width-sep\" style=\"align-self: center;margin-left: auto;margin-right: auto;margin-top:140px;margin-bottom:140px;width:100%;\"><\/div><\/div><\/article><\/div><div class=\"fusion-title title fusion-title-4 fusion-sep-none fusion-title-text fusion-title-size-one\" style=\"--awb-font-size:18px;\"><h1 class=\"title-heading-left\" style=\"font-family:Tahoma,Geneva, sans-serif;font-style:normal;font-weight:700;margin:0;font-size:1em;\">Restrictions for legal entities that have not registered data on beneficiaries<\/h1><\/div><div class=\"fusion-content-tb fusion-content-tb-1\" style=\"--awb-text-color:var(--awb-color8);--awb-font-size:16px;--awb-content-alignment:justify;--awb-text-transform:none;--awb-text-font-family:Tahoma,Geneva, sans-serif;--awb-text-font-style:normal;--awb-text-font-weight:400;\"><p>Primename, kad vadovaujantis Lietuvos Respublikos pinig\u0173 plovimo ir [\u2026]\n<\/p><\/div><div class=\"fusion-title title fusion-title-5 fusion-sep-none fusion-title-text fusion-title-size-one\" style=\"--awb-text-color:var(--awb-color3);--awb-font-size:14px;\"><h1 class=\"title-heading-left\" style=\"font-family:Tahoma,Geneva, sans-serif;font-style:normal;font-weight:400;margin:0;font-size:1em;\"><a href=\"https:\/\/www.dvplegal.lt\/en\/ribojimai-juridiniams-asmenims-kurie-nera-iregistrave-duomenu-apie-naudos-gavejus-cloned\/\" class=\"awb-custom-text-color awb-custom-text-hover-color\" target=\"_self\"><strong><span style=\"color: #990000;\">MORE<\/span><\/strong><\/a><\/h1><\/div><\/div><\/li>\n<li class=\"fusion-layout-column fusion_builder_column fusion-builder-column-4 fusion-flex-column post-card fusion-grid-column fusion-post-cards-grid-column\" style=\"--awb-bg-blend:overlay;--awb-bg-size:cover;\"><div class=\"fusion-column-wrapper fusion-column-has-shadow fusion-flex-justify-content-flex-start fusion-content-layout-column\"><div class=\"fusion-builder-row fusion-builder-row-inner fusion-row fusion-flex-align-items-flex-start\" style=\"width:104% !important;max-width:104% !important;margin-left: calc(-4% \/ 2 );margin-right: calc(-4% \/ 2 );\"><article class=\"fusion-layout-column fusion_builder_column_inner fusion-builder-nested-column-1 fusion_builder_column_inner_1_1 1_1 fusion-flex-column fusion-flex-align-self-stretch\" style=\"--awb-bg-image:url(&#039;https:\/\/www.dvplegal.lt\/wp-content\/uploads\/2023\/01\/Aktualijos-04-e1677069107916.jpg&#039;);--awb-bg-size:cover;--awb-width-large:100%;--awb-margin-top-large:0px;--awb-spacing-right-large:1.92%;--awb-margin-bottom-large:20px;--awb-spacing-left-large:1.92%;--awb-width-medium:100%;--awb-order-medium:0;--awb-spacing-right-medium:1.92%;--awb-spacing-left-medium:1.92%;--awb-width-small:100%;--awb-order-small:0;--awb-spacing-right-small:1.92%;--awb-spacing-left-small:1.92%;\"><div class=\"fusion-column-wrapper fusion-column-has-shadow fusion-flex-justify-content-center fusion-content-layout-column\" data-bg-url=\"https:\/\/www.dvplegal.lt\/wp-content\/uploads\/2023\/01\/Aktualijos-04-e1677069107916.jpg\"><div class=\"fusion-separator fusion-full-width-sep\" style=\"align-self: center;margin-left: auto;margin-right: auto;margin-top:10px;margin-bottom:30px;width:100%;\"><\/div><div class=\"fusion-image-element\" style=\"text-align:left;--awb-margin-right-small:180px;--awb-caption-title-color:var(--awb-color1);--awb-caption-text-color:var(--awb-color1);--awb-caption-text-transform:uppercase;--awb-caption-overlay-color:hsla(var(--awb-color5-h),var(--awb-color5-s),var(--awb-color5-l),calc(var(--awb-color5-a) - 180%));--awb-caption-background-color:var(--awb-color5);--awb-caption-margin-top:10px;--awb-caption-margin-right:10px;--awb-caption-margin-bottom:20px;--awb-caption-margin-left:10px;--awb-caption-title-font-family:Tahoma,Geneva, sans-serif;--awb-caption-title-font-weight:400;--awb-caption-title-font-style:normal;--awb-caption-title-size:14px;--awb-caption-title-transform:uppercase;--awb-caption-title-line-height:var(--h3_typography-line-height);--awb-caption-title-letter-spacing:var(--h3_typography-letter-spacing);\"><span class=\"fusion-imageframe imageframe-none imageframe-2 hover-type-none fusion-animated\" data-animationtype=\"fadeIn\" data-animationduration=\"1.0\" data-animationoffset=\"top-into-view\"><img decoding=\"async\" width=\"87\" height=\"55\" src=\"https:\/\/www.dvplegal.lt\/wp-content\/uploads\/2023\/01\/Vector-1-2-e1675532016562.png\" alt class=\"img-responsive wp-image-1233\"\/><\/span><\/div><div class=\"fusion-title title fusion-title-6 fusion-sep-none fusion-title-text fusion-title-size-one fusion-animated\" style=\"--awb-text-color:var(--awb-color1);--awb-margin-top:-40PX;--awb-margin-left:2px;--awb-margin-top-small:-40px;--awb-margin-left-small:5px;--awb-margin-top-medium:-40px;--awb-margin-left-medium:5px;--awb-font-size:16PX;\" data-animationtype=\"fadeIn\" data-animationduration=\"1.0\" data-animationoffset=\"bottom-in-view\"><h1 class=\"title-heading-left\" style=\"font-family:Tahoma,Geneva, sans-serif;font-style:normal;font-weight:400;margin:0;font-size:1em;text-transform:none;\">2022-04-06<\/h1><\/div><div class=\"fusion-separator fusion-full-width-sep\" style=\"align-self: center;margin-left: auto;margin-right: auto;margin-top:140px;margin-bottom:140px;width:100%;\"><\/div><\/div><\/article><\/div><div class=\"fusion-title title fusion-title-7 fusion-sep-none fusion-title-text fusion-title-size-one\" style=\"--awb-font-size:18px;\"><h1 class=\"title-heading-left\" style=\"font-family:Tahoma,Geneva, sans-serif;font-style:normal;font-weight:700;margin:0;font-size:1em;\">Lietuvos Auk\u0161\u010diausiojo Teismo praktika: nenugalima j\u0117ga (force majeure) ir sutarties nutraukimo teis\u0117<\/h1><\/div><div class=\"fusion-content-tb fusion-content-tb-2\" style=\"--awb-text-color:var(--awb-color8);--awb-font-size:16px;--awb-content-alignment:justify;--awb-text-transform:none;--awb-text-font-family:Tahoma,Geneva, sans-serif;--awb-text-font-style:normal;--awb-text-font-weight:400;\"><p>Lietuvos Auk\u0161\u010diausiasis Teismas 2022 m. kovo 24 d. [\u2026]\n<\/p><\/div><div class=\"fusion-title title fusion-title-8 fusion-sep-none fusion-title-text fusion-title-size-one\" style=\"--awb-text-color:var(--awb-color3);--awb-font-size:14px;\"><h1 class=\"title-heading-left\" style=\"font-family:Tahoma,Geneva, sans-serif;font-style:normal;font-weight:400;margin:0;font-size:1em;\"><a href=\"https:\/\/www.dvplegal.lt\/en\/lietuvos-auksciausiojo-teismo-praktika-nenugalima-jega-force-majeure-ir-sutarties-nutraukimo-teise\/\" class=\"awb-custom-text-color awb-custom-text-hover-color\" target=\"_self\"><strong><span style=\"color: #990000;\">MORE<\/span><\/strong><\/a><\/h1><\/div><\/div><\/li>\n<li class=\"fusion-layout-column fusion_builder_column fusion-builder-column-5 fusion-flex-column post-card fusion-grid-column fusion-post-cards-grid-column\" style=\"--awb-bg-blend:overlay;--awb-bg-size:cover;\"><div class=\"fusion-column-wrapper fusion-column-has-shadow fusion-flex-justify-content-flex-start fusion-content-layout-column\"><div class=\"fusion-builder-row fusion-builder-row-inner fusion-row fusion-flex-align-items-flex-start\" style=\"width:104% !important;max-width:104% !important;margin-left: calc(-4% \/ 2 );margin-right: calc(-4% \/ 2 );\"><article class=\"fusion-layout-column fusion_builder_column_inner fusion-builder-nested-column-2 fusion_builder_column_inner_1_1 1_1 fusion-flex-column fusion-flex-align-self-stretch\" style=\"--awb-bg-image:url(&#039;https:\/\/www.dvplegal.lt\/wp-content\/uploads\/2023\/01\/Aktualijos-03.jpg&#039;);--awb-bg-size:cover;--awb-width-large:100%;--awb-margin-top-large:0px;--awb-spacing-right-large:1.92%;--awb-margin-bottom-large:20px;--awb-spacing-left-large:1.92%;--awb-width-medium:100%;--awb-order-medium:0;--awb-spacing-right-medium:1.92%;--awb-spacing-left-medium:1.92%;--awb-width-small:100%;--awb-order-small:0;--awb-spacing-right-small:1.92%;--awb-spacing-left-small:1.92%;\"><div class=\"fusion-column-wrapper fusion-column-has-shadow fusion-flex-justify-content-center fusion-content-layout-column\" data-bg-url=\"https:\/\/www.dvplegal.lt\/wp-content\/uploads\/2023\/01\/Aktualijos-03.jpg\"><div class=\"fusion-separator fusion-full-width-sep\" style=\"align-self: center;margin-left: auto;margin-right: auto;margin-top:10px;margin-bottom:30px;width:100%;\"><\/div><div class=\"fusion-image-element\" style=\"text-align:left;--awb-margin-right-small:180px;--awb-caption-title-color:var(--awb-color1);--awb-caption-text-color:var(--awb-color1);--awb-caption-text-transform:uppercase;--awb-caption-overlay-color:hsla(var(--awb-color5-h),var(--awb-color5-s),var(--awb-color5-l),calc(var(--awb-color5-a) - 180%));--awb-caption-background-color:var(--awb-color5);--awb-caption-margin-top:10px;--awb-caption-margin-right:10px;--awb-caption-margin-bottom:20px;--awb-caption-margin-left:10px;--awb-caption-title-font-family:Tahoma,Geneva, sans-serif;--awb-caption-title-font-weight:400;--awb-caption-title-font-style:normal;--awb-caption-title-size:14px;--awb-caption-title-transform:uppercase;--awb-caption-title-line-height:var(--h3_typography-line-height);--awb-caption-title-letter-spacing:var(--h3_typography-letter-spacing);\"><span class=\"fusion-imageframe imageframe-none imageframe-3 hover-type-none fusion-animated\" data-animationtype=\"fadeIn\" data-animationduration=\"1.0\" data-animationoffset=\"top-into-view\"><img decoding=\"async\" width=\"87\" height=\"55\" src=\"https:\/\/www.dvplegal.lt\/wp-content\/uploads\/2023\/01\/Vector-1-2-e1675532016562.png\" alt class=\"img-responsive wp-image-1233\"\/><\/span><\/div><div class=\"fusion-title title fusion-title-9 fusion-sep-none fusion-title-text fusion-title-size-one fusion-animated\" style=\"--awb-text-color:var(--awb-color1);--awb-margin-top:-40PX;--awb-margin-left:2px;--awb-margin-top-small:-40px;--awb-margin-left-small:5px;--awb-margin-top-medium:-40px;--awb-margin-left-medium:5px;--awb-font-size:16PX;\" data-animationtype=\"fadeIn\" data-animationduration=\"1.0\" data-animationoffset=\"bottom-in-view\"><h1 class=\"title-heading-left\" style=\"font-family:Tahoma,Geneva, sans-serif;font-style:normal;font-weight:400;margin:0;font-size:1em;text-transform:none;\">2022-04-04<\/h1><\/div><div class=\"fusion-separator fusion-full-width-sep\" style=\"align-self: center;margin-left: auto;margin-right: auto;margin-top:140px;margin-bottom:140px;width:100%;\"><\/div><\/div><\/article><\/div><div class=\"fusion-title title fusion-title-10 fusion-sep-none fusion-title-text fusion-title-size-one\" style=\"--awb-font-size:18px;\"><h1 class=\"title-heading-left\" style=\"font-family:Tahoma,Geneva, sans-serif;font-style:normal;font-weight:700;margin:0;font-size:1em;\">Nenugalimos j\u0117gos ir sutarties vykdymo esminio suvar\u017eymo aplinkyb\u0117s COVID-19 pandemijos metu<\/h1><\/div><div class=\"fusion-content-tb fusion-content-tb-3\" style=\"--awb-text-color:var(--awb-color8);--awb-font-size:16px;--awb-content-alignment:justify;--awb-text-transform:none;--awb-text-font-family:Tahoma,Geneva, sans-serif;--awb-text-font-style:normal;--awb-text-font-weight:400;\"><p>Lietuvos Respublikos Vyriausyb\u0117, siekiant \u012fgyvendinti COVID-19 pandemijos valdymo [\u2026]\n<\/p><\/div><div class=\"fusion-title title fusion-title-11 fusion-sep-none fusion-title-text fusion-title-size-one\" style=\"--awb-text-color:var(--awb-color3);--awb-font-size:14px;\"><h1 class=\"title-heading-left\" style=\"font-family:Tahoma,Geneva, sans-serif;font-style:normal;font-weight:400;margin:0;font-size:1em;\"><a href=\"https:\/\/www.dvplegal.lt\/en\/nenugalimos-jegos-ir-sutarties-vykdymo-esminio-suvarzymo-aplinkybes-covid-19-pandemijos-metu-2\/\" class=\"awb-custom-text-color awb-custom-text-hover-color\" target=\"_self\"><strong><span style=\"color: #990000;\">MORE<\/span><\/strong><\/a><\/h1><\/div><\/div><\/li>\n<\/ul><\/div><\/div><\/div><\/div><\/div><\/p>","protected":false},"excerpt":{"rendered":"","protected":false},"author":1,"featured_media":0,"parent":0,"menu_order":0,"comment_status":"closed","ping_status":"closed","template":"100-width.php","meta":{"footnotes":""},"yoast_head":"<!-- This site is optimized with the Yoast SEO plugin v20.1 - https:\/\/yoast.com\/wordpress\/plugins\/seo\/ -->\n<title>Aktualijos - Advokat\u0173 kontora &quot;DVP Legal&quot;<\/title>\n<meta name=\"robots\" content=\"index, follow, max-snippet:-1, max-image-preview:large, max-video-preview:-1\" \/>\n<link rel=\"canonical\" href=\"https:\/\/www.dvplegal.lt\/en\/aktualijos\/\" \/>\n<meta property=\"og:locale\" content=\"en_GB\" \/>\n<meta property=\"og:type\" content=\"article\" \/>\n<meta property=\"og:title\" content=\"Aktualijos - Advokat\u0173 kontora &quot;DVP Legal&quot;\" \/>\n<meta property=\"og:url\" content=\"https:\/\/www.dvplegal.lt\/en\/aktualijos\/\" \/>\n<meta property=\"og:site_name\" content=\"Advokat\u0173 kontora &quot;DVP Legal&quot;\" \/>\n<meta property=\"article:modified_time\" content=\"2023-12-06T17:57:31+00:00\" \/>\n<meta name=\"twitter:card\" content=\"summary_large_image\" \/>\n<meta name=\"twitter:label1\" content=\"Estimated reading time\" \/>\n\t<meta name=\"twitter:data1\" content=\"4 minutes\" \/>\n<script type=\"application\/ld+json\" class=\"yoast-schema-graph\">{\"@context\":\"https:\/\/schema.org\",\"@graph\":[{\"@type\":\"WebPage\",\"@id\":\"https:\/\/www.dvplegal.lt\/aktualijos\/\",\"url\":\"https:\/\/www.dvplegal.lt\/aktualijos\/\",\"name\":\"Aktualijos - Advokat\u0173 kontora &quot;DVP Legal&quot;\",\"isPartOf\":{\"@id\":\"https:\/\/www.dvplegal.lt\/#website\"},\"datePublished\":\"2023-01-24T17:02:44+00:00\",\"dateModified\":\"2023-12-06T17:57:31+00:00\",\"breadcrumb\":{\"@id\":\"https:\/\/www.dvplegal.lt\/aktualijos\/#breadcrumb\"},\"inLanguage\":\"en-GB\",\"potentialAction\":[{\"@type\":\"ReadAction\",\"target\":[\"https:\/\/www.dvplegal.lt\/aktualijos\/\"]}]},{\"@type\":\"BreadcrumbList\",\"@id\":\"https:\/\/www.dvplegal.lt\/aktualijos\/#breadcrumb\",\"itemListElement\":[{\"@type\":\"ListItem\",\"position\":1,\"name\":\"Titulinis\",\"item\":\"https:\/\/www.dvplegal.lt\/\"},{\"@type\":\"ListItem\",\"position\":2,\"name\":\"Aktualijos\"}]},{\"@type\":\"WebSite\",\"@id\":\"https:\/\/www.dvplegal.lt\/#website\",\"url\":\"https:\/\/www.dvplegal.lt\/\",\"name\":\"www.dvplegal.lt\",\"description\":\"Advokat\u0173 profesin\u0117 bendrija Vai\u010di\u016bnas ir partneriai | IT, Medicinos, Darbo teis\u0117, Vie\u0161ieji pirkimai\",\"publisher\":{\"@id\":\"https:\/\/www.dvplegal.lt\/#organization\"},\"potentialAction\":[{\"@type\":\"SearchAction\",\"target\":{\"@type\":\"EntryPoint\",\"urlTemplate\":\"https:\/\/www.dvplegal.lt\/?s={search_term_string}\"},\"query-input\":\"required name=search_term_string\"}],\"inLanguage\":\"en-GB\"},{\"@type\":\"Organization\",\"@id\":\"https:\/\/www.dvplegal.lt\/#organization\",\"name\":\"DVP legal\",\"url\":\"https:\/\/www.dvplegal.lt\/\",\"logo\":{\"@type\":\"ImageObject\",\"inLanguage\":\"en-GB\",\"@id\":\"https:\/\/www.dvplegal.lt\/#\/schema\/logo\/image\/\",\"url\":\"https:\/\/www.dvplegal.lt\/wp-content\/uploads\/2023\/01\/DVP-LEGAL-logo-5.png\",\"contentUrl\":\"https:\/\/www.dvplegal.lt\/wp-content\/uploads\/2023\/01\/DVP-LEGAL-logo-5.png\",\"width\":2004,\"height\":420,\"caption\":\"DVP legal\"},\"image\":{\"@id\":\"https:\/\/www.dvplegal.lt\/#\/schema\/logo\/image\/\"}}]}<\/script>\n<!-- \/ Yoast SEO plugin. -->","yoast_head_json":{"title":"Aktualijos - Advokat\u0173 kontora &quot;DVP Legal&quot;","robots":{"index":"index","follow":"follow","max-snippet":"max-snippet:-1","max-image-preview":"max-image-preview:large","max-video-preview":"max-video-preview:-1"},"canonical":"https:\/\/www.dvplegal.lt\/en\/aktualijos\/","og_locale":"en_GB","og_type":"article","og_title":"Aktualijos - Advokat\u0173 kontora &quot;DVP Legal&quot;","og_url":"https:\/\/www.dvplegal.lt\/en\/aktualijos\/","og_site_name":"Advokat\u0173 kontora &quot;DVP Legal&quot;","article_modified_time":"2023-12-06T17:57:31+00:00","twitter_card":"summary_large_image","twitter_misc":{"Estimated reading time":"4 minutes"},"schema":{"@context":"https:\/\/schema.org","@graph":[{"@type":"WebPage","@id":"https:\/\/www.dvplegal.lt\/aktualijos\/","url":"https:\/\/www.dvplegal.lt\/aktualijos\/","name":"Aktualijos - Advokat\u0173 kontora &quot;DVP Legal&quot;","isPartOf":{"@id":"https:\/\/www.dvplegal.lt\/#website"},"datePublished":"2023-01-24T17:02:44+00:00","dateModified":"2023-12-06T17:57:31+00:00","breadcrumb":{"@id":"https:\/\/www.dvplegal.lt\/aktualijos\/#breadcrumb"},"inLanguage":"en-GB","potentialAction":[{"@type":"ReadAction","target":["https:\/\/www.dvplegal.lt\/aktualijos\/"]}]},{"@type":"BreadcrumbList","@id":"https:\/\/www.dvplegal.lt\/aktualijos\/#breadcrumb","itemListElement":[{"@type":"ListItem","position":1,"name":"Titulinis","item":"https:\/\/www.dvplegal.lt\/"},{"@type":"ListItem","position":2,"name":"Aktualijos"}]},{"@type":"WebSite","@id":"https:\/\/www.dvplegal.lt\/#website","url":"https:\/\/www.dvplegal.lt\/","name":"www.dvplegal.lt","description":"Advokat\u0173 profesin\u0117 bendrija Vai\u010di\u016bnas ir partneriai | IT, Medicinos, Darbo teis\u0117, Vie\u0161ieji pirkimai","publisher":{"@id":"https:\/\/www.dvplegal.lt\/#organization"},"potentialAction":[{"@type":"SearchAction","target":{"@type":"EntryPoint","urlTemplate":"https:\/\/www.dvplegal.lt\/?s={search_term_string}"},"query-input":"required name=search_term_string"}],"inLanguage":"en-GB"},{"@type":"Organization","@id":"https:\/\/www.dvplegal.lt\/#organization","name":"DVP legal","url":"https:\/\/www.dvplegal.lt\/","logo":{"@type":"ImageObject","inLanguage":"en-GB","@id":"https:\/\/www.dvplegal.lt\/#\/schema\/logo\/image\/","url":"https:\/\/www.dvplegal.lt\/wp-content\/uploads\/2023\/01\/DVP-LEGAL-logo-5.png","contentUrl":"https:\/\/www.dvplegal.lt\/wp-content\/uploads\/2023\/01\/DVP-LEGAL-logo-5.png","width":2004,"height":420,"caption":"DVP legal"},"image":{"@id":"https:\/\/www.dvplegal.lt\/#\/schema\/logo\/image\/"}}]}},"_links":{"self":[{"href":"https:\/\/www.dvplegal.lt\/en\/wp-json\/wp\/v2\/pages\/55"}],"collection":[{"href":"https:\/\/www.dvplegal.lt\/en\/wp-json\/wp\/v2\/pages"}],"about":[{"href":"https:\/\/www.dvplegal.lt\/en\/wp-json\/wp\/v2\/types\/page"}],"author":[{"embeddable":true,"href":"https:\/\/www.dvplegal.lt\/en\/wp-json\/wp\/v2\/users\/1"}],"replies":[{"embeddable":true,"href":"https:\/\/www.dvplegal.lt\/en\/wp-json\/wp\/v2\/comments?post=55"}],"version-history":[{"count":50,"href":"https:\/\/www.dvplegal.lt\/en\/wp-json\/wp\/v2\/pages\/55\/revisions"}],"predecessor-version":[{"id":2601,"href":"https:\/\/www.dvplegal.lt\/en\/wp-json\/wp\/v2\/pages\/55\/revisions\/2601"}],"wp:attachment":[{"href":"https:\/\/www.dvplegal.lt\/en\/wp-json\/wp\/v2\/media?parent=55"}],"curies":[{"name":"wp","href":"https:\/\/api.w.org\/{rel}","templated":true}]}}