{"id":3,"date":"2023-01-27T11:13:22","date_gmt":"2023-01-27T11:13:22","guid":{"rendered":"https:\/\/www.dvplegal.lt\/?page_id=3"},"modified":"2023-12-07T07:07:20","modified_gmt":"2023-12-07T07:07:20","slug":"privatumo-politika","status":"publish","type":"page","link":"https:\/\/www.dvplegal.lt\/en\/privatumo-politika\/","title":{"rendered":"Privatumo politika"},"content":{"rendered":"<div class=\"fusion-fullwidth fullwidth-box fusion-builder-row-1 fusion-flex-container nonhundred-percent-fullwidth non-hundred-percent-height-scrolling\" style=\"--awb-border-radius-top-left:0px;--awb-border-radius-top-right:0px;--awb-border-radius-bottom-right:0px;--awb-border-radius-bottom-left:0px;\" ><div class=\"fusion-builder-row fusion-row fusion-flex-align-items-flex-start\" style=\"max-width:1248px;margin-left: calc(-4% \/ 2 );margin-right: calc(-4% \/ 2 );\"><div class=\"fusion-layout-column fusion_builder_column fusion-builder-column-0 fusion_builder_column_1_1 1_1 fusion-flex-column\" style=\"--awb-bg-blend:overlay;--awb-bg-size:cover;--awb-width-large:100%;--awb-margin-top-large:0px;--awb-spacing-right-large:1.92%;--awb-margin-bottom-large:0px;--awb-spacing-left-large:1.92%;--awb-width-medium:100%;--awb-spacing-right-medium:1.92%;--awb-spacing-left-medium:1.92%;--awb-width-small:100%;--awb-spacing-right-small:1.92%;--awb-spacing-left-small:1.92%;\"><div class=\"fusion-column-wrapper fusion-flex-justify-content-flex-start fusion-content-layout-column\"><div class=\"fusion-text fusion-text-1\"><h3 class=\"fusion-responsive-typography-calculated\" style=\"--fontsize: 36; line-height: 1.2;\" data-fontsize=\"36\" data-lineheight=\"43.2px\">Informacija apie Privatumo Politik\u0105<\/h3>\n<p>Paskutin\u012f kart\u0105 atnaujinta 24-Feb-2023<br \/>\n\u012esigaliojimo data 24-Feb-2023<\/p>\n<p>\u0160ioje privatumo politikoje apra\u0161oma Dainius Vai\u010di\u016bnas ir partneriai, advokat\u0173 profesin\u0117 bendrija, Perk\u016bnkiemio g. 7, Vilnius LT-12131, Lietuva, el. pa\u0161tas: info@dvplegal.lt, tel: +37052034340 d\u0117l j\u016bs\u0173 informacijos, kuri\u0105 renkame jums naudojantis m\u016bs\u0173 interneto svetaine ( https:\/\/dvplegal.lt ), rinkimo, naudojimo ir atskleidimo (toliau &#8211; Paslauga). Prisijungdami prie Paslaugos arba ja naudodamiesi, j\u016bs sutinkate, kad j\u016bs\u0173 informacija b\u016bt\u0173 renkama, naudojama ir atskleid\u017eiama pagal \u0161i\u0105 privatumo politik\u0105. Jei nesutinkate su tuo pa\u010diu, pra\u0161ome neprieiti prie Paslaugos ir ja nesinaudoti.<br \/>\n\u0160i\u0105 Privatumo politik\u0105 galime keisti bet kuriuo metu be jokio i\u0161ankstinio prane\u0161imo ir pakeist\u0105 Privatumo politik\u0105 paskelbsime Paslaugoje. Pakeista Politika \u012fsigalios po 180 dien\u0173 nuo tada, kai pakeista Politika bus paskelbta Paslaugoje, o tolesn\u0117 prieiga prie Paslaugos ar naudojimasis ja po \u0161io laiko reik\u0161, kad sutinkate su pakeista Privatumo politika. Tod\u0117l rekomenduojame periodi\u0161kai per\u017ei\u016br\u0117ti \u0161\u012f puslap\u012f.<\/p>\n<p><strong>Kaip mes naudojame j\u016bs\u0173 informacij\u0105:<\/strong><br \/>\nInformacij\u0105, kuri\u0105 apie jus surinksime, naudosime toliau nurodytais tikslais:<\/p>\n<p>Administracin\u0117 informacija<br \/>\nSvetain\u0117s apsaugai<br \/>\nJei nor\u0117sime naudoti j\u016bs\u0173 informacij\u0105 kitais tikslais, papra\u0161ysime j\u016bs\u0173 sutikimo ir naudosime j\u016bs\u0173 informacij\u0105 tik gav\u0119 j\u016bs\u0173 sutikim\u0105, o tada &#8211; tik tuo tikslu (-ais), kuriam (-iems) sutikim\u0105 suteik\u0117te, nebent pagal \u012fstatymus privalome elgtis kitaip.<\/p>\n<p><strong>J\u016bs\u0173 teis\u0117s:<\/strong><br \/>\nPriklausomai nuo taikom\u0173 \u012fstatym\u0173, galite tur\u0117ti teis\u0119 susipa\u017einti su savo asmens duomenimis ir juos i\u0161taisyti ar i\u0161trinti arba gauti savo asmens duomen\u0173 kopij\u0105, apriboti arba prie\u0161tarauti aktyviam j\u016bs\u0173 duomen\u0173 tvarkymui, pra\u0161yti, kad mes pasidalytume (perkeltume) j\u016bs\u0173 asmenine informacija su kitu subjektu, at\u0161aukti bet kok\u012f mums duot\u0105 sutikim\u0105 tvarkyti j\u016bs\u0173 duomenis, teis\u0119 pateikti skund\u0105 \u012fstatym\u0173 nustatytai institucijai ir kitas teises, kurios gali b\u016bti svarbios pagal taikomus \u012fstatymus. Nor\u0117dami pasinaudoti \u0161iomis teis\u0117mis, galite ra\u0161yti mums adresu info@dvplegal.lt. \u012e j\u016bs\u0173 pra\u0161ym\u0105 atsakysime pagal galiojan\u010dius \u012fstatymus.<br \/>\nAtkreipkite d\u0117mes\u012f, kad jei neleisite mums rinkti ar tvarkyti reikalaujamos asmenin\u0117s informacijos arba at\u0161auksite sutikim\u0105 j\u0105 tvarkyti reikalaujamais tikslais, gali b\u016bti, kad negal\u0117site naudotis paslaugomis, d\u0117l kuri\u0173 buvo pra\u0161oma j\u016bs\u0173 informacijos, arba negal\u0117site jomis naudotis.<\/p>\n<p>Slapukai ir kt.<br \/>\nNor\u0117dami su\u017einoti daugiau apie tai, kaip juos naudojame, ir apie j\u016bs\u0173 pasirinkimus, susijusius su \u0161iomis sekimo technologijomis, skaitykite m\u016bs\u0173 Slapuk\u0173 politik\u0105.<\/p>\n<p><strong>Saugumas:<\/strong><br \/>\nJ\u016bs\u0173 informacijos saugumas mums yra svarbus, tod\u0117l naudosime pagr\u012fstas saugumo priemones, kad i\u0161vengtume j\u016bs\u0173 informacijos, kuri\u0105 kontroliuojame, praradimo, netinkamo naudojimo ar neleistino pakeitimo. Ta\u010diau, atsi\u017evelgdami \u012f b\u016bding\u0105 rizik\u0105, negalime garantuoti visi\u0161ko saugumo, tod\u0117l negalime u\u017etikrinti ar garantuoti bet kokios informacijos, kuri\u0105 mums perduodate, saugumo ir tai darote savo rizika.<\/p>\n<p>Tre\u010di\u0173j\u0173 \u0161ali\u0173 nuorodos ir j\u016bs\u0173 informacijos naudojimas:<br \/>\nM\u016bs\u0173 Paslaugoje gali b\u016bti nuorod\u0173 \u012f kitas, ne m\u016bs\u0173 valdomas svetaines. \u0160ioje privatumo politikoje nenagrin\u0117jama tre\u010di\u0173j\u0173 \u0161ali\u0173, \u012fskaitant bet kuri\u0105 tre\u010di\u0105j\u0105 \u0161al\u012f, valdan\u010di\u0105 bet kuri\u0105 svetain\u0119 ar paslaug\u0105, kuri gali b\u016bti pasiekiama per Paslaugos nuorod\u0105, privatumo politika ir kita praktika. Primygtinai rekomenduojame per\u017ei\u016br\u0117ti kiekvienos svetain\u0117s, kurioje lankot\u0117s, privatumo politik\u0105. Mes nekontroliuojame ir neprisiimame jokios atsakomyb\u0117s u\u017e tre\u010di\u0173j\u0173 \u0161ali\u0173 svetaini\u0173 ar paslaug\u0173 turin\u012f, privatumo politik\u0105 ar praktik\u0105.<\/p>\n<p><strong>Skund\u0173 \/ duomen\u0173 apsaugos pareig\u016bnas:<\/strong><br \/>\nJei turite klausim\u0173 ar nuog\u0105stavim\u0173 d\u0117l pas mus esan\u010dios j\u016bs\u0173 informacijos tvarkymo, galite ra\u0161yti m\u016bs\u0173 skund\u0173 nagrin\u0117jimo pareig\u016bnui adresu: Dainius Vai\u010di\u016bnas ir partneriai, advokat\u0173 profesin\u0117 bendrija, Perk\u016bnkiemio g. 7, el. pa\u0161tas: info@dvplegal.lt. J\u016bs\u0173 problemas spr\u0119sime vadovaudamiesi galiojan\u010diais teis\u0117s aktais.<\/p>\n<p>Privatumo politika sukurta naudojant CookieYes.<\/p>\n<\/div><\/div><\/div><\/div><\/div>","protected":false},"excerpt":{"rendered":"","protected":false},"author":1,"featured_media":0,"parent":0,"menu_order":0,"comment_status":"closed","ping_status":"open","template":"","meta":{"footnotes":""},"yoast_head":"<!-- This site is optimized with the Yoast SEO plugin v20.1 - https:\/\/yoast.com\/wordpress\/plugins\/seo\/ -->\n<title>Privatumo politika - Advokat\u0173 kontora &quot;DVP Legal&quot;<\/title>\n<meta name=\"robots\" content=\"index, follow, max-snippet:-1, max-image-preview:large, max-video-preview:-1\" \/>\n<link rel=\"canonical\" href=\"https:\/\/www.dvplegal.lt\/en\/privatumo-politika\/\" \/>\n<meta property=\"og:locale\" content=\"en_GB\" \/>\n<meta property=\"og:type\" content=\"article\" \/>\n<meta property=\"og:title\" content=\"Privatumo politika - Advokat\u0173 kontora &quot;DVP Legal&quot;\" \/>\n<meta property=\"og:url\" content=\"https:\/\/www.dvplegal.lt\/en\/privatumo-politika\/\" \/>\n<meta property=\"og:site_name\" content=\"Advokat\u0173 kontora &quot;DVP Legal&quot;\" \/>\n<meta property=\"article:modified_time\" content=\"2023-12-07T07:07:20+00:00\" \/>\n<meta name=\"twitter:card\" content=\"summary_large_image\" \/>\n<meta name=\"twitter:label1\" content=\"Estimated reading time\" \/>\n\t<meta name=\"twitter:data1\" content=\"4 minutes\" \/>\n<script type=\"application\/ld+json\" class=\"yoast-schema-graph\">{\"@context\":\"https:\/\/schema.org\",\"@graph\":[{\"@type\":\"WebPage\",\"@id\":\"https:\/\/www.dvplegal.lt\/privatumo-politika\/\",\"url\":\"https:\/\/www.dvplegal.lt\/privatumo-politika\/\",\"name\":\"Privatumo politika - Advokat\u0173 kontora &quot;DVP Legal&quot;\",\"isPartOf\":{\"@id\":\"https:\/\/www.dvplegal.lt\/#website\"},\"datePublished\":\"2023-01-27T11:13:22+00:00\",\"dateModified\":\"2023-12-07T07:07:20+00:00\",\"breadcrumb\":{\"@id\":\"https:\/\/www.dvplegal.lt\/privatumo-politika\/#breadcrumb\"},\"inLanguage\":\"en-GB\",\"potentialAction\":[{\"@type\":\"ReadAction\",\"target\":[\"https:\/\/www.dvplegal.lt\/privatumo-politika\/\"]}]},{\"@type\":\"BreadcrumbList\",\"@id\":\"https:\/\/www.dvplegal.lt\/privatumo-politika\/#breadcrumb\",\"itemListElement\":[{\"@type\":\"ListItem\",\"position\":1,\"name\":\"Titulinis\",\"item\":\"https:\/\/www.dvplegal.lt\/\"},{\"@type\":\"ListItem\",\"position\":2,\"name\":\"Privatumo politika\"}]},{\"@type\":\"WebSite\",\"@id\":\"https:\/\/www.dvplegal.lt\/#website\",\"url\":\"https:\/\/www.dvplegal.lt\/\",\"name\":\"www.dvplegal.lt\",\"description\":\"Advokat\u0173 profesin\u0117 bendrija Vai\u010di\u016bnas ir partneriai | IT, Medicinos, Darbo teis\u0117, Vie\u0161ieji pirkimai\",\"publisher\":{\"@id\":\"https:\/\/www.dvplegal.lt\/#organization\"},\"potentialAction\":[{\"@type\":\"SearchAction\",\"target\":{\"@type\":\"EntryPoint\",\"urlTemplate\":\"https:\/\/www.dvplegal.lt\/?s={search_term_string}\"},\"query-input\":\"required name=search_term_string\"}],\"inLanguage\":\"en-GB\"},{\"@type\":\"Organization\",\"@id\":\"https:\/\/www.dvplegal.lt\/#organization\",\"name\":\"DVP legal\",\"url\":\"https:\/\/www.dvplegal.lt\/\",\"logo\":{\"@type\":\"ImageObject\",\"inLanguage\":\"en-GB\",\"@id\":\"https:\/\/www.dvplegal.lt\/#\/schema\/logo\/image\/\",\"url\":\"https:\/\/www.dvplegal.lt\/wp-content\/uploads\/2023\/01\/DVP-LEGAL-logo-5.png\",\"contentUrl\":\"https:\/\/www.dvplegal.lt\/wp-content\/uploads\/2023\/01\/DVP-LEGAL-logo-5.png\",\"width\":2004,\"height\":420,\"caption\":\"DVP legal\"},\"image\":{\"@id\":\"https:\/\/www.dvplegal.lt\/#\/schema\/logo\/image\/\"}}]}<\/script>\n<!-- \/ Yoast SEO plugin. -->","yoast_head_json":{"title":"Privatumo politika - Advokat\u0173 kontora &quot;DVP Legal&quot;","robots":{"index":"index","follow":"follow","max-snippet":"max-snippet:-1","max-image-preview":"max-image-preview:large","max-video-preview":"max-video-preview:-1"},"canonical":"https:\/\/www.dvplegal.lt\/en\/privatumo-politika\/","og_locale":"en_GB","og_type":"article","og_title":"Privatumo politika - Advokat\u0173 kontora &quot;DVP Legal&quot;","og_url":"https:\/\/www.dvplegal.lt\/en\/privatumo-politika\/","og_site_name":"Advokat\u0173 kontora &quot;DVP Legal&quot;","article_modified_time":"2023-12-07T07:07:20+00:00","twitter_card":"summary_large_image","twitter_misc":{"Estimated reading time":"4 minutes"},"schema":{"@context":"https:\/\/schema.org","@graph":[{"@type":"WebPage","@id":"https:\/\/www.dvplegal.lt\/privatumo-politika\/","url":"https:\/\/www.dvplegal.lt\/privatumo-politika\/","name":"Privatumo politika - Advokat\u0173 kontora &quot;DVP Legal&quot;","isPartOf":{"@id":"https:\/\/www.dvplegal.lt\/#website"},"datePublished":"2023-01-27T11:13:22+00:00","dateModified":"2023-12-07T07:07:20+00:00","breadcrumb":{"@id":"https:\/\/www.dvplegal.lt\/privatumo-politika\/#breadcrumb"},"inLanguage":"en-GB","potentialAction":[{"@type":"ReadAction","target":["https:\/\/www.dvplegal.lt\/privatumo-politika\/"]}]},{"@type":"BreadcrumbList","@id":"https:\/\/www.dvplegal.lt\/privatumo-politika\/#breadcrumb","itemListElement":[{"@type":"ListItem","position":1,"name":"Titulinis","item":"https:\/\/www.dvplegal.lt\/"},{"@type":"ListItem","position":2,"name":"Privatumo politika"}]},{"@type":"WebSite","@id":"https:\/\/www.dvplegal.lt\/#website","url":"https:\/\/www.dvplegal.lt\/","name":"www.dvplegal.lt","description":"Advokat\u0173 profesin\u0117 bendrija Vai\u010di\u016bnas ir partneriai | IT, Medicinos, Darbo teis\u0117, Vie\u0161ieji pirkimai","publisher":{"@id":"https:\/\/www.dvplegal.lt\/#organization"},"potentialAction":[{"@type":"SearchAction","target":{"@type":"EntryPoint","urlTemplate":"https:\/\/www.dvplegal.lt\/?s={search_term_string}"},"query-input":"required name=search_term_string"}],"inLanguage":"en-GB"},{"@type":"Organization","@id":"https:\/\/www.dvplegal.lt\/#organization","name":"DVP legal","url":"https:\/\/www.dvplegal.lt\/","logo":{"@type":"ImageObject","inLanguage":"en-GB","@id":"https:\/\/www.dvplegal.lt\/#\/schema\/logo\/image\/","url":"https:\/\/www.dvplegal.lt\/wp-content\/uploads\/2023\/01\/DVP-LEGAL-logo-5.png","contentUrl":"https:\/\/www.dvplegal.lt\/wp-content\/uploads\/2023\/01\/DVP-LEGAL-logo-5.png","width":2004,"height":420,"caption":"DVP legal"},"image":{"@id":"https:\/\/www.dvplegal.lt\/#\/schema\/logo\/image\/"}}]}},"_links":{"self":[{"href":"https:\/\/www.dvplegal.lt\/en\/wp-json\/wp\/v2\/pages\/3"}],"collection":[{"href":"https:\/\/www.dvplegal.lt\/en\/wp-json\/wp\/v2\/pages"}],"about":[{"href":"https:\/\/www.dvplegal.lt\/en\/wp-json\/wp\/v2\/types\/page"}],"author":[{"embeddable":true,"href":"https:\/\/www.dvplegal.lt\/en\/wp-json\/wp\/v2\/users\/1"}],"replies":[{"embeddable":true,"href":"https:\/\/www.dvplegal.lt\/en\/wp-json\/wp\/v2\/comments?post=3"}],"version-history":[{"count":7,"href":"https:\/\/www.dvplegal.lt\/en\/wp-json\/wp\/v2\/pages\/3\/revisions"}],"predecessor-version":[{"id":2588,"href":"https:\/\/www.dvplegal.lt\/en\/wp-json\/wp\/v2\/pages\/3\/revisions\/2588"}],"wp:attachment":[{"href":"https:\/\/www.dvplegal.lt\/en\/wp-json\/wp\/v2\/media?parent=3"}],"curies":[{"name":"wp","href":"https:\/\/api.w.org\/{rel}","templated":true}]}}